{"id":15265,"date":"2023-02-17T12:16:23","date_gmt":"2023-02-17T11:16:23","guid":{"rendered":"https:\/\/www.autoescolesmonteso.com\/?page_id=15265"},"modified":"2023-06-12T10:47:35","modified_gmt":"2023-06-12T09:47:35","slug":"conduccio-de-vehicles-pesants-de-transport-de-mercaderies-per-carretera-tmvi0208-juliol-tortosa","status":"publish","type":"page","link":"https:\/\/www.autoescolesmonteso.com\/es\/tmvi0208-tortosa_julio\/","title":{"rendered":"Conducci\u00f3n de Veh\u00edculos Pesados de Transporte de Mercanc\u00edas por Carretera TMVI0208 Julio (Tortosa)"},"content":{"rendered":"<h2>Realitza la teva preinscripci\u00f3 a la formaci\u00f3 \u00abConducci\u00f3 de Vehicles Pesants de Transport de Mercaderies per Carretera TMVI0208 (Tortosa)\u00bb<\/h2>\n<p>[iphorm id=\u00bb57&#8243; name=\u00bbFOAP22_PRENSCRIPCIO (TMVI0208_2) \u00ab]<\/p>\n<p>&nbsp;<\/p>\n<p>&nbsp;<\/p>\n<p>&nbsp;<\/p>\n<p>&nbsp;<\/p>\n<p>&nbsp;<\/p>\n<p>&nbsp;<\/p>\n<p>&nbsp;<\/p>\n","protected":false},"excerpt":{"rendered":"<p>Realitza la teva preinscripci\u00f3 a la formaci\u00f3 \u00abConducci\u00f3 de Vehicles Pesants de Transport de Mercaderies per Carretera TMVI0208 (Tortosa)\u00bb [iphorm id=\u00bb57&#8243; name=\u00bbFOAP22_PRENSCRIPCIO (TMVI0208_2) \u00ab] &nbsp; &nbsp; &nbsp; &nbsp; &nbsp; &nbsp; &nbsp;<\/p>\n","protected":false},"author":4,"featured_media":15948,"parent":0,"menu_order":0,"comment_status":"closed","ping_status":"closed","template":"","meta":[],"aioseo_notices":[],"_links":{"self":[{"href":"https:\/\/www.autoescolesmonteso.com\/es\/wp-json\/wp\/v2\/pages\/15265"}],"collection":[{"href":"https:\/\/www.autoescolesmonteso.com\/es\/wp-json\/wp\/v2\/pages"}],"about":[{"href":"https:\/\/www.autoescolesmonteso.com\/es\/wp-json\/wp\/v2\/types\/page"}],"author":[{"embeddable":true,"href":"https:\/\/www.autoescolesmonteso.com\/es\/wp-json\/wp\/v2\/users\/4"}],"replies":[{"embeddable":true,"href":"https:\/\/www.autoescolesmonteso.com\/es\/wp-json\/wp\/v2\/comments?post=15265"}],"version-history":[{"count":3,"href":"https:\/\/www.autoescolesmonteso.com\/es\/wp-json\/wp\/v2\/pages\/15265\/revisions"}],"predecessor-version":[{"id":16182,"href":"https:\/\/www.autoescolesmonteso.com\/es\/wp-json\/wp\/v2\/pages\/15265\/revisions\/16182"}],"wp:featuredmedia":[{"embeddable":true,"href":"https:\/\/www.autoescolesmonteso.com\/es\/wp-json\/wp\/v2\/media\/15948"}],"wp:attachment":[{"href":"https:\/\/www.autoescolesmonteso.com\/es\/wp-json\/wp\/v2\/media?parent=15265"}],"curies":[{"name":"wp","href":"https:\/\/api.w.org\/{rel}","templated":true}]}}